{"id":236,"date":"2026-04-12T07:25:53","date_gmt":"2026-04-12T07:25:53","guid":{"rendered":"https:\/\/universobloom.com\/?page_id=236"},"modified":"2026-04-15T17:15:46","modified_gmt":"2026-04-15T17:15:46","slug":"home-montanas-prueba-5-2","status":"publish","type":"page","link":"https:\/\/universobloom.com\/?page_id=236","title":{"rendered":"Home montanas prueba 5"},"content":{"rendered":"\t\t<div data-elementor-type=\"wp-page\" data-elementor-id=\"236\" class=\"elementor elementor-236\" data-elementor-post-type=\"page\">\n\t\t\t\t\t\t<section class=\"elementor-section elementor-top-section elementor-element elementor-element-20028e04 elementor-section-full_width elementor-section-height-min-height elementor-section-stretched elementor-section-height-default elementor-section-items-middle\" data-id=\"20028e04\" data-element_type=\"section\" data-e-type=\"section\" data-settings=\"{&quot;background_background&quot;:&quot;gradient&quot;,&quot;stretch_section&quot;:&quot;section-stretched&quot;}\">\n\t\t\t\t\t\t<div class=\"elementor-container elementor-column-gap-no\">\n\t\t\t\t\t<div class=\"elementor-column elementor-col-100 elementor-top-column elementor-element elementor-element-28f51043\" data-id=\"28f51043\" data-element_type=\"column\" data-e-type=\"column\">\n\t\t\t<div class=\"elementor-widget-wrap elementor-element-populated\">\n\t\t\t\t\t\t<div class=\"elementor-element elementor-element-63db66a elementor-widget elementor-widget-html\" data-id=\"63db66a\" data-element_type=\"widget\" data-e-type=\"widget\" data-widget_type=\"html.default\">\n\t\t\t\t\t<style>\n@font-face {\n  font-family:'Formula condensed';\n  src:url('https:\/\/universobloom.com\/wp-content\/uploads\/2026\/04\/Formula.woff2') format('woff2');\n  font-weight:normal;font-style:normal;\n}\n\n.elementor-widget-html:has(.bloom-hero-v3),\n.elementor-widget-html:has(.bloom-hero-v3) .elementor-widget-container {\n  padding:0!important;margin:0!important;width:100%!important;max-width:100%!important;\n}\n.bloom-hero-v3 {\n  position:relative;\n  width:100vw;\n  margin-left:calc(50% - 50vw);\n  height:95vh;\n  min-height:900px;\n  overflow:hidden;\n  clip-path:inset(0);\n  display:flex;\n  flex-direction:column;\n  align-items:center;\n  justify-content:flex-start;\n  background:#F9F7F2!important;\n}\n\n.bloom-particles-v3 {\n  position:absolute;top:0;left:0;width:100%;height:100%;overflow:hidden;z-index:2;pointer-events:none;\n}\n.bloom-particle-v3{position:absolute;border-radius:50%;pointer-events:none;background:rgba(255,255,255,1);}\n.bloom-content-v3 {\n  position:relative;z-index:10;text-align:center;padding-top:100px;\n  display:flex;flex-direction:column;align-items:center;\n}\n.bloom-logo-v3 {margin-bottom:25px;}\n.bloom-logo-v3 svg {width:70px;height:70px;filter:drop-shadow(0 0 25px rgba(245,240,231,.6));}\n.bloom-subtitle-v3 {\n  font-family:'Montserrat',sans-serif;font-size:10px;letter-spacing:7px;\n  text-transform:uppercase;color:#F5F0E7;margin-bottom:15px;\n}\n.bloom-title-v3 {\n  font-family:'Formula condensed',sans-serif;font-weight:400;letter-spacing:5px;\n  text-transform:uppercase;color:#F5F0E7;margin:0;line-height:1.15;\n  text-shadow:0 4px 35px rgba(0,0,0,.25);\n}\n.bloom-title-line-v3 {display:block;font-size:clamp(3rem,8vw,6rem);}\n.bloom-scene-v3 {\n  position:absolute;bottom:0;left:0;width:100%;height:85%;z-index:5;pointer-events:none;\n}\n.bloom-mountains-v3 {position:absolute;bottom:0;width:150%;max-width:none;max-height:80%;height:auto;will-change:transform;overflow:visible;}\n.bloom-mountains-v3.back {z-index:1;bottom:-15%;left:-20%;opacity:.9;}\n.bloom-mountains-v3.front {z-index:4;bottom:-30%;left:-25%;}\n.bloom-mountains-v3 img {width:100%;height:auto;display:block;mix-blend-mode:screen;}\n.bloom-person-v3 {position:absolute;bottom:8%;left:50%;transform:translateX(-50%);z-index:3;width:16%;max-width:260px;}\n.bloom-person-v3 img {width:100%;height:auto;display:block;mix-blend-mode:screen;}\n.bloom-scroll-v3 {\n  position:absolute;bottom:35px;left:50%;transform:translateX(-50%);\n  z-index:20;display:flex;flex-direction:column;align-items:center;gap:10px;\n}\n.bloom-scroll-line-v3 {width:1px;height:50px;background:transparent;}\n.bloom-scroll-text-v3 {\n  font-family:'Montserrat',sans-serif;font-size:12px;letter-spacing:4px;\n  text-transform:uppercase;color:#F5F0E7;opacity:.8;\n}\n@media(max-width:1024px){\n  .bloom-hero-v3{min-height:800px}.bloom-content-v3{padding-top:80px}\n  .bloom-title-v3{letter-spacing:14px}.bloom-person-v3{width:20%;bottom:6%}\n  .bloom-mountains-v3{width:180%}.bloom-mountains-v3.back{bottom:8%;left:-25%}\n  .bloom-mountains-v3.front{bottom:-18%;left:-35%}\n}\n@media(max-width:768px){\n  .bloom-hero-v3{min-height:700px}.bloom-content-v3{padding-top:60px}\n  .bloom-logo-v3 svg{width:55px;height:55px}\n  .bloom-subtitle-v3{font-size:8px;letter-spacing:5px}\n  .bloom-title-v3{letter-spacing:10px}.bloom-person-v3{width:28%;bottom:5%}\n  .bloom-mountains-v3{width:220%}.bloom-mountains-v3.back{bottom:5%;left:-35%}\n  .bloom-mountains-v3.front{bottom:-22%;left:-45%}\n}\n@media(max-width:480px){\n  .bloom-title-v3{letter-spacing:6px}.bloom-person-v3{width:38%;bottom:4%}\n  .bloom-mountains-v3{width:260%}.bloom-mountains-v3.back{left:-50%}\n  .bloom-mountains-v3.front{bottom:-25%;left:-60%}\n}\n.bloom-unicorn-bg{position:absolute;top:0;left:0;width:100%;height:60%;max-height:100%;z-index:0;overflow:hidden;clip-path:inset(0 0 0 0);pointer-events:none;}\nunicorn-bg canvas{max-height:100% !important;object-fit:cover;}.bloom-unicorn-bg [data-us-project]{width:100%!important;height:100%!important;}<\/style>\n\n<div class=\"bloom-hero-v3\" id=\"bloomHeroV3\">\n  <div style=\"position:absolute;top:0;left:0;width:100%;height:100%;z-index:0;overflow:hidden;pointer-events:none;\"><div data-us-project=\"t3tq7hhQ1LX1nuUaRQGu\" style=\"width:100%;height:100%;\"><\/div><script>!function(){var u=window.UnicornStudio;if(u&&u.init){if(document.readyState===\"loading\"){document.addEventListener(\"DOMContentLoaded\",function(){u.init()})}else{u.init()}}else{window.UnicornStudio={isInitialized:!1};var i=document.createElement(\"script\");i.src=\"https:\/\/cdn.jsdelivr.net\/gh\/hiunicornstudio\/unicornstudio.js@v2.1.6\/dist\/unicornStudio.umd.js\",i.onload=function(){if(document.readyState===\"loading\"){document.addEventListener(\"DOMContentLoaded\",function(){UnicornStudio.init()})}else{UnicornStudio.init()}},(document.head||document.body).appendChild(i)}}();<\/script><\/div>\n  <div class=\"bloom-particles-v3\" id=\"bloomParticlesV3\"><\/div>\n  <div class=\"bloom-content-v3\">\n    <div class=\"bloom-logo-v3\">\n      <svg viewBox=\"0 0 100 100\"><defs><linearGradient id=\"mgV3b\" x1=\"0%\" y1=\"0%\" x2=\"100%\" y2=\"100%\"><stop offset=\"0%\" style=\"stop-color:#F5F0E7;stop-opacity:1\"\/><stop offset=\"100%\" style=\"stop-color:#C2D6E8;stop-opacity:1\"\/><\/linearGradient><\/defs><circle cx=\"50\" cy=\"50\" r=\"42\" fill=\"none\" stroke=\"#F5F0E7\" stroke-width=\"1.5\" opacity=\"0.6\"\/><path d=\"M50 12 A38 38 0 1 1 50 88 A28 28 0 1 0 50 12\" fill=\"url(#mgV3b)\"\/><circle cx=\"32\" cy=\"38\" r=\"2\" fill=\"#F5F0E7\" opacity=\"0.5\"\/><circle cx=\"65\" cy=\"52\" r=\"1.5\" fill=\"#F5F0E7\" opacity=\"0.4\"\/><circle cx=\"45\" cy=\"72\" r=\"1\" fill=\"#F5F0E7\" opacity=\"0.3\"\/><\/svg>\n    <\/div>\n    <p class=\"bloom-subtitle-v3\">\u2014 Mariana Hernandez Delfino \u2014<\/p>\n    <h1 class=\"bloom-title-v3\">\n      <span class=\"bloom-title-line-v3\">UNIVERSO<\/span>\n      <span class=\"bloom-title-line-v3\">BLOOM<\/span>\n    <\/h1>\n  <\/div>\n  <div class=\"bloom-scene-v3\">\n    <div class=\"bloom-mountains-v3 back\" id=\"bloomMtnBack\"><img decoding=\"async\" src=\"https:\/\/universobloom.com\/wp-content\/uploads\/2026\/04\/montana5-back.svg\" alt=\"\"><\/div>\n    <div class=\"bloom-person-v3\" id=\"bloomPerson\"><img decoding=\"async\" src=\"https:\/\/universobloom.com\/wp-content\/uploads\/2026\/04\/sol.png\" alt=\"\"><\/div>\n    <div class=\"bloom-mountains-v3 front\" id=\"bloomMtnFront\"><img decoding=\"async\" src=\"https:\/\/universobloom.com\/wp-content\/uploads\/2026\/04\/Montana5-front.svg\" alt=\"\"><\/div>\n  <\/div>\n  <div class=\"bloom-scroll-v3\" id=\"bloomScroll\">\n    <div class=\"bloom-scroll-line-v3\"><\/div>\n    <span class=\"bloom-scroll-text-v3\">Scroll<\/span>\n  <\/div>\n<\/div>\n\n<script>!function(){var u=window.UnicornStudio;if(u&&u.init){if(document.readyState===\"loading\"){document.addEventListener(\"DOMContentLoaded\",function(){u.init()})}else{u.init()}}else{window.UnicornStudio={isInitialized:!1};var i=document.createElement(\"script\");i.src=\"https:\/\/cdn.jsdelivr.net\/gh\/hiunicornstudio\/unicornstudio.js@v2.1.6\/dist\/unicornStudio.umd.js\",i.onload=function(){if(document.readyState===\"loading\"){document.addEventListener(\"DOMContentLoaded\",function(){UnicornStudio.init()})}else{UnicornStudio.init()}},(document.head||document.body).appendChild(i)}}();<\/script>\n<script>\n(function(){\n  function init(){\n    if(typeof gsap===\"undefined\"){setTimeout(init,50);return;}\n    var c=document.querySelector(\".bloom-particles-v3\");\n    if(!c)return;\n    c.innerHTML=\"\";\n    c.dataset.init=\"1\";\n    var N=100,PN=0.80,PS=0.15,i=N;\n    while(i--){\n      var r=Math.random();\n      var tier=r>(PN+PS)?\"bright\":r>PN?\"soft\":\"none\";\n      var d=document.createElement(\"div\");\n      d.className=\"bloom-particle-v3\";\n      var sz=tier===\"bright\"?5+Math.random()*4:tier===\"soft\"?2.5+Math.random()*2.5:2+Math.random()*3;\n      d.style.cssText=\"width:\"+sz+\"px;height:\"+sz+\"px;left:\"+(2+Math.random()*94)+\"%;top:\"+(2+Math.random()*90)+\"%;opacity:0;position:absolute;border-radius:50%;background:rgba(255,255,255,1);\";\n      if(tier===\"soft\")d.style.boxShadow=\"0 0 \"+(sz*2)+\"px \"+(sz*0.5)+\"px rgba(255,255,255,0.4)\";\n      else if(tier===\"bright\")d.style.boxShadow=\"0 0 \"+(sz*2.5)+\"px \"+(sz)+\"px rgba(255,255,255,0.8)\";\n      c.appendChild(d);\n      var mx=tier===\"bright\"?0.85+Math.random()*0.15:tier===\"soft\"?0.65+Math.random()*0.25:0.55+Math.random()*0.3;\n      var dur=tier===\"bright\"?3+Math.random()*4:tier===\"soft\"?4+Math.random()*5:5+Math.random()*7;\n      var mn2=tier===\"bright\"?0.4:tier===\"soft\"?0.2:0.3;gsap.fromTo(d,{opacity:mn2},{opacity:mx,duration:dur,ease:\"sine.inOut\",repeat:-1,yoyo:true,delay:Math.random()*1.5});\n      gsap.to(d,{x:(Math.random()-0.5)*30,y:(Math.random()-0.5)*20,duration:10+Math.random()*15,ease:\"sine.inOut\",repeat:-1,yoyo:true,delay:Math.random()*3});\n    }\n  }\n  init();\n})();\n<\/script>\n<script>\n(function waitGSAP(){\n  if(typeof gsap==='undefined'||typeof ScrollTrigger==='undefined'){\n    setTimeout(waitGSAP,50); return;\n  }\n  gsap.registerPlugin(ScrollTrigger);\n\n  \/\/ Part\u00edculas\n  var pc=document.getElementById('bloomParticlesV3');\n  if(pc && pc.children.length===0){\n    for(var i=0;i<60;i++){\n      var p=document.createElement('div');\n      p.className='bloom-particle-v3';\n      var s=Math.random()*4+1;\n      p.style.cssText='width:'+s+'px;height:'+s+'px;left:'+(Math.random()*100)+'%;top:'+(Math.random()*100)+'%;opacity:'+(Math.random()*.7+.2);\n      pc.appendChild(p);\n      gsap.to(p,{y:'-=180',x:'+=40',opacity:0,duration:Math.random()*25+12,delay:Math.random()*10,repeat:-1,ease:'none'});\n    }\n  }\n\n  \/\/ Scroll parallax\n  gsap.to('#bloomMtnBack',{y:-500,x:-200,ease:'none',scrollTrigger:{trigger:'.bloom-hero-v3',start:'top top',end:'bottom top',scrub:1.5}});\n  gsap.fromTo('#bloomPerson',{y:200,opacity:1},{y:-400,opacity:1,duration:5,ease:'power1.out',delay:4.5,overwrite:'auto'});\n  gsap.to('#bloomPerson',{scale:2.5,opacity:1,ease:'none',overwrite:false,scrollTrigger:{trigger:'.bloom-hero-v3',start:'top top',end:'60% top',scrub:1.5}});\n  gsap.to('#bloomMtnFront',{y:-900,x:600,ease:'none',scrollTrigger:{trigger:'.bloom-hero-v3',start:'top top',end:'bottom top',scrub:1.5}});\n  gsap.to('.bloom-content-v3',{opacity:0,y:-250,ease:'none',scrollTrigger:{trigger:'.bloom-hero-v3',start:'top top',end:'35% top',scrub:1}});\n  gsap.to('#bloomScroll',{opacity:0,ease:'none',scrollTrigger:{trigger:'.bloom-hero-v3',start:'5% top',end:'20% top',scrub:1}});\n  gsap.to('.bloom-scroll-line-v3',{scaleY:.25,duration:1.5,repeat:-1,yoyo:true,ease:'power2.inOut'});\n\n  \/\/ Mouse parallax\n  var hero=document.querySelector('.bloom-hero-v3');\n  var mX=0,cX=0;\n  hero.addEventListener('mousemove',function(e){mX=(e.clientX\/window.innerWidth-.5)*2;});\n  function aM(){\n    cX+=(mX-cX)*.05;\n    gsap.set('#bloomMtnBack',{x:cX*-40});\n    gsap.set('#bloomPerson',{x:'calc(-50% + '+(cX*60)+'px)'});\n    gsap.set('#bloomMtnFront',{x:cX*100});\n    requestAnimationFrame(aM);\n  }\n  if(window.matchMedia('(pointer:fine)').matches) aM();\n})();\n<\/script>\t\t\t\t<\/div>\n\t\t\t\t\t<\/div>\n\t\t<\/div>\n\t\t\t\t\t<\/div>\n\t\t<\/section>\n\t\t<div class=\"elementor-element elementor-element-16ed427 e-flex e-con-boxed e-con e-parent\" data-id=\"16ed427\" data-element_type=\"container\" data-e-type=\"container\" data-settings=\"{&quot;background_background&quot;:&quot;classic&quot;,&quot;motion_fx_motion_fx_scrolling&quot;:&quot;yes&quot;,&quot;motion_fx_translateY_effect&quot;:&quot;yes&quot;,&quot;motion_fx_translateY_speed&quot;:{&quot;unit&quot;:&quot;px&quot;,&quot;size&quot;:10,&quot;sizes&quot;:[]},&quot;motion_fx_translateY_affectedRange&quot;:{&quot;unit&quot;:&quot;%&quot;,&quot;size&quot;:&quot;&quot;,&quot;sizes&quot;:{&quot;start&quot;:33,&quot;end&quot;:100}},&quot;shape_divider_bottom&quot;:&quot;curve&quot;,&quot;shape_divider_bottom_negative&quot;:&quot;yes&quot;,&quot;motion_fx_opacity_effect&quot;:&quot;yes&quot;,&quot;motion_fx_opacity_range&quot;:{&quot;unit&quot;:&quot;%&quot;,&quot;size&quot;:&quot;&quot;,&quot;sizes&quot;:{&quot;start&quot;:14,&quot;end&quot;:14}},&quot;motion_fx_range&quot;:&quot;page&quot;,&quot;motion_fx_opacity_direction&quot;:&quot;out-in&quot;,&quot;motion_fx_opacity_level&quot;:{&quot;unit&quot;:&quot;px&quot;,&quot;size&quot;:10,&quot;sizes&quot;:[]},&quot;motion_fx_devices&quot;:[&quot;desktop&quot;,&quot;tablet&quot;,&quot;mobile&quot;]}\">\n\t\t\t\t\t<div class=\"e-con-inner\">\n\t\t\t\t<div class=\"elementor-shape elementor-shape-bottom\" aria-hidden=\"true\" data-negative=\"true\">\n\t\t\t<svg xmlns=\"http:\/\/www.w3.org\/2000\/svg\" viewBox=\"0 0 1000 100\" preserveAspectRatio=\"none\">\n\t<path class=\"elementor-shape-fill\" d=\"M500,97C126.7,96.3,0.8,19.8,0,0v100l1000,0V1C1000,19.4,873.3,97.8,500,97z\"\/>\n<\/svg>\t\t<\/div>\n\t\t\t\t\t\t\t<h2 \n\t\tdata-interaction-id=\"efa3667\" \n\t\tclass=\"e-efa3667-9928a2f e-heading-base\" \n\t\t \n\t\tdata-e-type=\"widget\" data-id=\"efa3667\"\n\t>\n\t\n\t\t\tUniverso Bloom\n\t\t<\/h2>\n\t\t\t\t\t\n<hr class=\"e-56b6da2-ac844f0 e-divider-base\" data-interaction-id=\"56b6da2\"  data-e-type=\"widget\" data-id=\"56b6da2\" \/>\n\t\t\t\t<div class=\"elementor-element elementor-element-8b8a7db elementor-widget elementor-widget-text-editor\" data-id=\"8b8a7db\" data-element_type=\"widget\" data-e-type=\"widget\" data-widget_type=\"text-editor.default\">\n\t\t\t\t\t\t\t\t\t<p style=\"text-align: center; color: #6B6D6D;\">Ecosistema de desarollo profesional creado <br>\npor <span style=\"color: #d98f63;\"><b>Mariana Hern\u00e1ndez Delfino<\/b><\/span><\/p>\t\t\t\t\t\t\t\t<\/div>\n\t\t\t\t\t<\/div>\n\t\t\t\t<\/div>\n\t\t<div class=\"elementor-element elementor-element-e2b3f08 e-flex e-con-boxed e-con e-parent\" data-id=\"e2b3f08\" data-element_type=\"container\" data-e-type=\"container\">\n\t\t\t\t\t<div class=\"e-con-inner\">\n\t\t<div class=\"elementor-element elementor-element-d53b4f2 e-flex e-con-boxed e-con e-child\" data-id=\"d53b4f2\" data-element_type=\"container\" data-e-type=\"container\">\n\t\t\t\t\t<div class=\"e-con-inner\">\n\t\t\t\t<div class=\"elementor-element elementor-element-d6420c2 elementor-invisible elementor-widget elementor-widget-heading\" data-id=\"d6420c2\" data-element_type=\"widget\" data-e-type=\"widget\" data-settings=\"{&quot;_animation&quot;:&quot;fadeIn&quot;,&quot;_animation_delay&quot;:500}\" data-widget_type=\"heading.default\">\n\t\t\t\t\t<h2 class=\"elementor-heading-title elementor-size-default\">Creado<\/h2>\t\t\t\t<\/div>\n\t\t\t\t<div class=\"elementor-element elementor-element-fd5fc2f elementor-invisible elementor-widget elementor-widget-heading\" data-id=\"fd5fc2f\" data-element_type=\"widget\" data-e-type=\"widget\" data-settings=\"{&quot;_animation&quot;:&quot;slideInUp&quot;,&quot;_animation_delay&quot;:600}\" data-widget_type=\"heading.default\">\n\t\t\t\t\t<h2 class=\"elementor-heading-title elementor-size-default\">PARA IMPULSARTE<\/h2>\t\t\t\t<\/div>\n\t\t\t\t<div class=\"elementor-element elementor-element-24a4958 elementor-invisible elementor-widget elementor-widget-text-editor\" data-id=\"24a4958\" data-element_type=\"widget\" data-e-type=\"widget\" data-settings=\"{&quot;_animation&quot;:&quot;slideInUp&quot;,&quot;_animation_delay&quot;:200}\" data-widget_type=\"text-editor.default\">\n\t\t\t\t\t\t\t\t\t<p>Construido sobre experiencias reales, datos y una metodolog\u00eda propia que funciona.<\/p><p>Un libro, una comunidad, mentor\u00edas y un m\u00e9todo. Una forma distinta de entender el crecimiento profesional desde el prop\u00f3sito, las fortalezas y una visi\u00f3n basada en experiencia y evidencia. Pensado para ayudarte a entender tu momento actual, vencer\u00a0 lo que te frena y avanzar con confianza.<\/p>\t\t\t\t\t\t\t\t<\/div>\n\t\t\t\t\t<\/div>\n\t\t\t\t<\/div>\n\t\t<div class=\"elementor-element elementor-element-250998e e-flex e-con-boxed e-con e-child\" data-id=\"250998e\" data-element_type=\"container\" data-e-type=\"container\">\n\t\t\t\t\t<div class=\"e-con-inner\">\n\t\t\t\t\t\t\t\n\t\t<img class=\"e-image-base e-ead1d7d-f570bf0\" \n\t\t\t\t\tdata-interaction-id=\"ead1d7d\" \n\t\t \n\t\t data-e-type=\"widget\" data-id=\"ead1d7d\"\n\t\t\t\t\t\t\t\t\tid=\"809\"\n\t\t\t\t\t\t\t\t\t\t\t\tsrc=\"https:\/\/universobloom.com\/wp-content\/uploads\/2026\/04\/piezashome-02.svg\"\n\t\t\t\t\t\t\t\t\t\t\t\twidth=\"329\"\n\t\t\t\t\t\t\t\t\t\t\t\theight=\"323\"\n\t\t\t\t\t\t\t\t\t\t\t\tsrcset=\"\"\n\t\t\t\t\t\t\t\t\t\t\t\talt=\"\"\n\t\t\t\t\t\t\/>\n\t\t\t\t\t\t\t\t\n\t\t<img class=\"e-image-base e-616345a-c3fef31\" \n\t\t\t\t\tdata-interaction-id=\"616345a\" \n\t\t \n\t\t data-e-type=\"widget\" data-id=\"616345a\"\n\t\t\t\t\t\t\t\t\tid=\"810\"\n\t\t\t\t\t\t\t\t\t\t\t\tsrc=\"https:\/\/universobloom.com\/wp-content\/uploads\/2026\/04\/piezashome-03.svg\"\n\t\t\t\t\t\t\t\t\t\t\t\twidth=\"329\"\n\t\t\t\t\t\t\t\t\t\t\t\theight=\"323\"\n\t\t\t\t\t\t\t\t\t\t\t\tsrcset=\"\"\n\t\t\t\t\t\t\t\t\t\t\t\talt=\"\"\n\t\t\t\t\t\t\/>\n\t\t\t\t\t\t<\/div>\n\t\t\t\t<\/div>\n\t\t\t\t\t<\/div>\n\t\t\t\t<\/div>\n\t\t<div class=\"elementor-element elementor-element-6d36e26 e-flex e-con-boxed e-con e-parent\" data-id=\"6d36e26\" data-element_type=\"container\" data-e-type=\"container\" data-settings=\"{&quot;background_background&quot;:&quot;classic&quot;}\">\n\t\t\t\t\t<div class=\"e-con-inner\">\n\t\t\t\t\t\t\t\n\t\t<img class=\"e-image-base e-51425a7-559d959\" \n\t\t\t\t\tdata-interaction-id=\"51425a7\" \n\t\t \n\t\t data-e-type=\"widget\" data-id=\"51425a7\"\n\t\t\t\t\t\t\t\t\tid=\"816\"\n\t\t\t\t\t\t\t\t\t\t\t\tsrc=\"https:\/\/universobloom.com\/wp-content\/uploads\/2026\/04\/Recurso-4.svg\"\n\t\t\t\t\t\t\t\t\t\t\t\twidth=\"83\"\n\t\t\t\t\t\t\t\t\t\t\t\theight=\"60\"\n\t\t\t\t\t\t\t\t\t\t\t\tsrcset=\"\"\n\t\t\t\t\t\t\t\t\t\t\t\talt=\"\"\n\t\t\t\t\t\t\/>\n\t\t\t\t\t\t\t\t\t<p class=\"e-45e47bf-6d665e4 e-paragraph-base\" data-interaction-id=\"45e47bf\"  data-e-type=\"widget\" data-id=\"45e47bf\">\n\t\t\t\t\t\t\t\tPensado para ayudarte a entender <br>tu momento actual, vencer lo que te frena <br>y avanzar con confianza.\n\t\t\t\t\t<\/p>\n\t\t\t\t\t\t\t\n\t\t<img class=\"e-image-base e-11118a7-1a4cd75\" \n\t\t\t\t\tdata-interaction-id=\"11118a7\" \n\t\t \n\t\t data-e-type=\"widget\" data-id=\"11118a7\"\n\t\t\t\t\t\t\t\t\tid=\"811\"\n\t\t\t\t\t\t\t\t\t\t\t\tsrc=\"https:\/\/universobloom.com\/wp-content\/uploads\/2026\/04\/piezashome-04.svg\"\n\t\t\t\t\t\t\t\t\t\t\t\twidth=\"590\"\n\t\t\t\t\t\t\t\t\t\t\t\theight=\"173\"\n\t\t\t\t\t\t\t\t\t\t\t\tsrcset=\"\"\n\t\t\t\t\t\t\t\t\t\t\t\talt=\"\"\n\t\t\t\t\t\t\/>\n\t\t\t\t\t\t\t\t\n\t\t<img class=\"e-image-base e-e03d2ad-bd17f86\" \n\t\t\t\t\tdata-interaction-id=\"e03d2ad\" \n\t\t \n\t\t data-e-type=\"widget\" data-id=\"e03d2ad\"\n\t\t\t\t\t\t\t\t\tid=\"812\"\n\t\t\t\t\t\t\t\t\t\t\t\tsrc=\"https:\/\/universobloom.com\/wp-content\/uploads\/2026\/04\/piezashome-05.svg\"\n\t\t\t\t\t\t\t\t\t\t\t\twidth=\"173\"\n\t\t\t\t\t\t\t\t\t\t\t\theight=\"173\"\n\t\t\t\t\t\t\t\t\t\t\t\tsrcset=\"\"\n\t\t\t\t\t\t\t\t\t\t\t\talt=\"\"\n\t\t\t\t\t\t\/>\n\t\t\t\t\t\t<\/div>\n\t\t\t\t<\/div>\n\t\t<div class=\"elementor-element elementor-element-bee497b e-flex e-con-boxed e-con e-parent\" data-id=\"bee497b\" data-element_type=\"container\" data-e-type=\"container\" data-settings=\"{&quot;background_background&quot;:&quot;classic&quot;}\">\n\t\t\t\t\t<div class=\"e-con-inner\">\n\t\t<div class=\"elementor-element elementor-element-42bc32a e-flex e-con-boxed e-con e-child\" data-id=\"42bc32a\" data-element_type=\"container\" data-e-type=\"container\">\n\t\t\t\t\t<div class=\"e-con-inner\">\n\t\t\t\t\t\t\t\n\t\t<img class=\"e-image-base e-d663024-fbc71fb\" \n\t\t\t\t\tdata-interaction-id=\"d663024\" \n\t\t \n\t\t data-e-type=\"widget\" data-id=\"d663024\"\n\t\t\t\t\t\t\t\t\tid=\"830\"\n\t\t\t\t\t\t\t\t\t\t\t\tsrc=\"https:\/\/universobloom.com\/wp-content\/uploads\/2026\/04\/estrella-azul-home.svg\"\n\t\t\t\t\t\t\t\t\t\t\t\twidth=\"94\"\n\t\t\t\t\t\t\t\t\t\t\t\theight=\"94\"\n\t\t\t\t\t\t\t\t\t\t\t\tsrcset=\"\"\n\t\t\t\t\t\t\t\t\t\t\t\talt=\"\"\n\t\t\t\t\t\t\/>\n\t\t\t\t\t<div class=\"elementor-element elementor-element-cc98fb1 elementor-invisible elementor-widget elementor-widget-heading\" data-id=\"cc98fb1\" data-element_type=\"widget\" data-e-type=\"widget\" data-settings=\"{&quot;_animation&quot;:&quot;fadeIn&quot;,&quot;_animation_delay&quot;:400}\" data-widget_type=\"heading.default\">\n\t\t\t\t\t<h2 class=\"elementor-heading-title elementor-size-default\">Detr\u00e1s de Bloom!<\/h2>\t\t\t\t<\/div>\n\t\t\t\t<div class=\"elementor-element elementor-element-3008264 elementor-invisible elementor-widget elementor-widget-heading\" data-id=\"3008264\" data-element_type=\"widget\" data-e-type=\"widget\" data-settings=\"{&quot;_animation&quot;:&quot;slideInLeft&quot;,&quot;_animation_delay&quot;:500}\" data-widget_type=\"heading.default\">\n\t\t\t\t\t<h2 class=\"elementor-heading-title elementor-size-default\">hay una historia<\/h2>\t\t\t\t<\/div>\n\t\t\t\t\t\t\t\t<p class=\"e-930853f-3f283fb e-paragraph-base\" data-interaction-id=\"930853f\"  data-e-type=\"widget\" data-id=\"930853f\" >\n\t\t\t\t\t\t\t\t\"Hay otra forma de crecer en tecnolog\u00eda: con m\u00e1s claridad, m\u00e1s direcci\u00f3n y m\u00e1s autenticidad.\"\n\t\t\t\t\t<\/p>\n\t\t\t\t\t\t\t\t<p class=\"e-b9388a5-76460c4 e-paragraph-base\" data-interaction-id=\"b9388a5\"  data-e-type=\"widget\" data-id=\"b9388a5\" >\n\t\t\t\t\t\t\t\tMariana Hern\u00e1ndez Delfino\n\t\t\t\t\t<\/p>\n\t\t\t\t\t<\/div>\n\t\t\t\t<\/div>\n\t\t<div class=\"elementor-element elementor-element-d0f2819 e-flex e-con-boxed e-con e-child\" data-id=\"d0f2819\" data-element_type=\"container\" data-e-type=\"container\">\n\t\t\t\t\t<div class=\"e-con-inner\">\n\t\t\t\t\t\t\t\n\t\t<img class=\"e-image-base e-3cd9454-5587842\" \n\t\t\t\t\tdata-interaction-id=\"3cd9454\" \n\t\t \n\t\t data-e-type=\"widget\" data-id=\"3cd9454\"\n\t\t\t\t\t\t\t\t\tid=\"840\"\n\t\t\t\t\t\t\t\t\t\t\t\tsrc=\"https:\/\/universobloom.com\/wp-content\/uploads\/2026\/04\/mariana.png\"\n\t\t\t\t\t\t\t\t\t\t\t\twidth=\"948\"\n\t\t\t\t\t\t\t\t\t\t\t\theight=\"982\"\n\t\t\t\t\t\t\t\t\t\t\t\tsrcset=\"https:\/\/universobloom.com\/wp-content\/uploads\/2026\/04\/mariana.png 948w, https:\/\/universobloom.com\/wp-content\/uploads\/2026\/04\/mariana-290x300.png 290w, https:\/\/universobloom.com\/wp-content\/uploads\/2026\/04\/mariana-768x796.png 768w\"\n\t\t\t\t\t\t\t\t\t\t\t\talt=\"\"\n\t\t\t\t\t\t\/>\n\t\t\t\t\t\t\t\t\n\t\t<img class=\"e-image-base e-16f66d8-37782c4\" \n\t\t\t\t\tdata-interaction-id=\"16f66d8\" \n\t\t \n\t\t data-e-type=\"widget\" data-id=\"16f66d8\"\n\t\t\t\t\t\t\t\t\tid=\"826\"\n\t\t\t\t\t\t\t\t\t\t\t\tsrc=\"https:\/\/universobloom.com\/wp-content\/uploads\/2026\/04\/circular-home.svg\"\n\t\t\t\t\t\t\t\t\t\t\t\twidth=\"221\"\n\t\t\t\t\t\t\t\t\t\t\t\theight=\"221\"\n\t\t\t\t\t\t\t\t\t\t\t\tsrcset=\"\"\n\t\t\t\t\t\t\t\t\t\t\t\talt=\"\"\n\t\t\t\t\t\t\/>\n\t\t\t\t\t\t<\/div>\n\t\t\t\t<\/div>\n\t\t\t\t\t<\/div>\n\t\t\t\t<\/div>\n\t\t<div class=\"elementor-element elementor-element-a5dc4dc e-flex e-con-boxed e-con e-parent\" data-id=\"a5dc4dc\" data-element_type=\"container\" data-e-type=\"container\" data-settings=\"{&quot;background_background&quot;:&quot;classic&quot;,&quot;shape_divider_top&quot;:&quot;curve&quot;,&quot;shape_divider_top_negative&quot;:&quot;yes&quot;}\">\n\t\t\t\t\t<div class=\"e-con-inner\">\n\t\t\t\t<div class=\"elementor-shape elementor-shape-top\" aria-hidden=\"true\" data-negative=\"true\">\n\t\t\t<svg xmlns=\"http:\/\/www.w3.org\/2000\/svg\" viewBox=\"0 0 1000 100\" preserveAspectRatio=\"none\">\n\t<path class=\"elementor-shape-fill\" d=\"M500,97C126.7,96.3,0.8,19.8,0,0v100l1000,0V1C1000,19.4,873.3,97.8,500,97z\"\/>\n<\/svg>\t\t<\/div>\n\t\t\t\t\t<\/div>\n\t\t\t\t<\/div>\n\t\t\t\t<\/div>\n\t\t","protected":false},"excerpt":{"rendered":"<p>\u2014 Mariana Hernandez Delfino \u2014 UNIVERSO BLOOM Scroll Universo Bloom Ecosistema de desarollo profesional creado por Mariana Hern\u00e1ndez Delfino Creado PARA IMPULSARTE Construido sobre experiencias reales, datos y una metodolog\u00eda propia que funciona. Un libro, una comunidad, mentor\u00edas y un m\u00e9todo. Una forma distinta de entender el crecimiento profesional desde el prop\u00f3sito, las fortalezas y [&hellip;]<\/p>\n","protected":false},"author":1,"featured_media":0,"parent":0,"menu_order":0,"comment_status":"closed","ping_status":"closed","template":"elementor_header_footer","meta":{"inline_featured_image":false,"footnotes":""},"class_list":["post-236","page","type-page","status-publish","hentry"],"_links":{"self":[{"href":"https:\/\/universobloom.com\/index.php?rest_route=\/wp\/v2\/pages\/236","targetHints":{"allow":["GET"]}}],"collection":[{"href":"https:\/\/universobloom.com\/index.php?rest_route=\/wp\/v2\/pages"}],"about":[{"href":"https:\/\/universobloom.com\/index.php?rest_route=\/wp\/v2\/types\/page"}],"author":[{"embeddable":true,"href":"https:\/\/universobloom.com\/index.php?rest_route=\/wp\/v2\/users\/1"}],"replies":[{"embeddable":true,"href":"https:\/\/universobloom.com\/index.php?rest_route=%2Fwp%2Fv2%2Fcomments&post=236"}],"version-history":[{"count":457,"href":"https:\/\/universobloom.com\/index.php?rest_route=\/wp\/v2\/pages\/236\/revisions"}],"predecessor-version":[{"id":912,"href":"https:\/\/universobloom.com\/index.php?rest_route=\/wp\/v2\/pages\/236\/revisions\/912"}],"wp:attachment":[{"href":"https:\/\/universobloom.com\/index.php?rest_route=%2Fwp%2Fv2%2Fmedia&parent=236"}],"curies":[{"name":"wp","href":"https:\/\/api.w.org\/{rel}","templated":true}]}}